{"id":21058,"date":"2026-04-24T08:51:16","date_gmt":"2026-04-24T08:51:16","guid":{"rendered":"https:\/\/istanbulfactory.com\/tr\/?page_id=21058"},"modified":"2026-05-04T12:10:17","modified_gmt":"2026-05-04T12:10:17","slug":"uretim-anlayisimiz","status":"publish","type":"page","link":"https:\/\/istanbulfactory.com\/tr\/hakkimizda\/uretim-anlayisimiz\/","title":{"rendered":"\u00dcretim Anlay\u0131\u015f\u0131m\u0131z"},"content":{"rendered":"\t\t<div data-elementor-type=\"wp-page\" data-elementor-id=\"21058\" class=\"elementor elementor-21058\">\n\t\t\t\t\t\t<section class=\"elementor-section elementor-top-section elementor-element elementor-element-ad688c1 elementor-section-content-middle elementor-section-boxed elementor-section-height-default elementor-section-height-default sc_fly_static\" data-id=\"ad688c1\" data-element_type=\"section\" data-e-type=\"section\" data-settings=\"{&quot;background_background&quot;:&quot;classic&quot;}\">\n\t\t\t\t\t\t<div class=\"elementor-container elementor-column-gap-extended\">\n\t\t\t\t\t<div class=\"elementor-column elementor-col-50 elementor-top-column elementor-element elementor-element-e7faa2e sc_content_align_inherit sc_layouts_column_icons_position_left sc_fly_static\" data-id=\"e7faa2e\" data-element_type=\"column\" data-e-type=\"column\">\n\t\t\t<div class=\"elementor-widget-wrap elementor-element-populated\">\n\t\t\t\t\t\t<section data-stack-section-effect-duration=\"0.001\" data-stack-section-zoom-value=\"0.8\" data-stack-section-transparency-value=\"0\" data-stack-section-blur-value=\"10\" class=\"elementor-section elementor-inner-section elementor-element elementor-element-96094b2 sc_stack_section_on elementor-section-boxed elementor-section-height-default elementor-section-height-default sc_fly_static sc_stack_section_effect_slide\" data-id=\"96094b2\" data-element_type=\"section\" data-e-type=\"section\">\n\t\t\t\t\t\t<div class=\"elementor-container elementor-column-gap-no\">\n\t\t\t\t\t<div class=\"elementor-column elementor-col-100 elementor-inner-column elementor-element elementor-element-aa2e39f sc_content_align_inherit sc_layouts_column_icons_position_left sc_fly_static\" data-id=\"aa2e39f\" data-element_type=\"column\" data-e-type=\"column\">\n\t\t\t<div class=\"elementor-widget-wrap elementor-element-populated\">\n\t\t\t\t\t\t<div class=\"elementor-element elementor-element-3f3f096 no-title sc_fly_static elementor-widget elementor-widget-image\" data-id=\"3f3f096\" data-element_type=\"widget\" data-e-type=\"widget\" data-widget_type=\"image.default\">\n\t\t\t\t<div class=\"elementor-widget-container\">\n\t\t\t\t\t\t\t\t\t\t\t\t\t\t\t<img fetchpriority=\"high\" decoding=\"async\" width=\"941\" height=\"1672\" src=\"https:\/\/istanbulfactory.com\/tr\/wp-content\/uploads\/sites\/3\/2026\/04\/Our-Philosophy-Design.jpg\" class=\"attachment-full size-full wp-image-21068\" alt=\"Our Philosophy Design\" srcset=\"https:\/\/istanbulfactory.com\/tr\/wp-content\/uploads\/sites\/3\/2026\/04\/Our-Philosophy-Design.jpg 941w, https:\/\/istanbulfactory.com\/tr\/wp-content\/uploads\/sites\/3\/2026\/04\/Our-Philosophy-Design-169x300.jpg 169w, https:\/\/istanbulfactory.com\/tr\/wp-content\/uploads\/sites\/3\/2026\/04\/Our-Philosophy-Design-576x1024.jpg 576w, https:\/\/istanbulfactory.com\/tr\/wp-content\/uploads\/sites\/3\/2026\/04\/Our-Philosophy-Design-768x1365.jpg 768w, https:\/\/istanbulfactory.com\/tr\/wp-content\/uploads\/sites\/3\/2026\/04\/Our-Philosophy-Design-864x1536.jpg 864w, https:\/\/istanbulfactory.com\/tr\/wp-content\/uploads\/sites\/3\/2026\/04\/Our-Philosophy-Design-370x657.jpg 370w, https:\/\/istanbulfactory.com\/tr\/wp-content\/uploads\/sites\/3\/2026\/04\/Our-Philosophy-Design-840x1493.jpg 840w, https:\/\/istanbulfactory.com\/tr\/wp-content\/uploads\/sites\/3\/2026\/04\/Our-Philosophy-Design-410x729.jpg 410w\" sizes=\"(max-width: 941px) 100vw, 941px\" \/>\t\t\t\t\t\t\t\t\t\t\t\t\t\t\t<\/div>\n\t\t\t\t<\/div>\n\t\t\t\t\t<\/div>\n\t\t<\/div>\n\t\t\t\t\t<\/div>\n\t\t<\/section>\n\t\t\t\t\t<\/div>\n\t\t<\/div>\n\t\t\t\t<div class=\"elementor-column elementor-col-50 elementor-top-column elementor-element elementor-element-9a19d6a sc_content_align_inherit sc_layouts_column_icons_position_left sc_fly_static\" data-id=\"9a19d6a\" data-element_type=\"column\" data-e-type=\"column\">\n\t\t\t<div class=\"elementor-widget-wrap elementor-element-populated\">\n\t\t\t\t\t\t<div class=\"elementor-element elementor-element-abd291a sc_fly_static elementor-widget elementor-widget-trx_sc_title\" data-id=\"abd291a\" data-element_type=\"widget\" data-e-type=\"widget\" data-widget_type=\"trx_sc_title.default\">\n\t\t\t\t<div class=\"elementor-widget-container\">\n\t\t\t\t\t<div\t\tclass=\"sc_title sc_title_default\" ><h2 class=\"sc_item_title sc_title_title sc_item_title_style_default sc_item_title_tag\"\n\t\t\t><span class=\"sc_item_title_text\">\u00dcretime ba\u015flamadan \u00f6nce fikri anlaman\u0131n \u00f6nemine inan\u0131yoruz.\n<\/span><\/h2><\/div>\t\t\t\t<\/div>\n\t\t\t\t<\/div>\n\t\t\t\t<div class=\"elementor-element elementor-element-c585262 sc_fly_static elementor-widget elementor-widget-spacer\" data-id=\"c585262\" data-element_type=\"widget\" data-e-type=\"widget\" data-widget_type=\"spacer.default\">\n\t\t\t\t<div class=\"elementor-widget-container\">\n\t\t\t\t\t\t\t<div class=\"elementor-spacer\">\n\t\t\t<div class=\"elementor-spacer-inner\"><\/div>\n\t\t<\/div>\n\t\t\t\t\t\t<\/div>\n\t\t\t\t<\/div>\n\t\t\t\t<div class=\"elementor-element elementor-element-16c5a52 sc_fly_static elementor-widget elementor-widget-text-editor\" data-id=\"16c5a52\" data-element_type=\"widget\" data-e-type=\"widget\" data-widget_type=\"text-editor.default\">\n\t\t\t\t<div class=\"elementor-widget-container\">\n\t\t\t\t\t\t\t\t\t<p>Istanbul Factory olarak \u00fcretimi yaln\u0131zca bir s\u00fcre\u00e7 olarak de\u011fil, markan\u0131n hikayesinin ayr\u0131lmaz bir par\u00e7as\u0131 olarak g\u00f6r\u00fcyoruz. Her \u00fcr\u00fcn\u00fcn bir fikri, bir kimli\u011fi ve bir amac\u0131 oldu\u011funu biliyor; bu anlay\u0131\u015f\u0131 \u00fcretimin her a\u015famas\u0131na yans\u0131t\u0131yoruz.<\/p><p>Bizim i\u00e7in ba\u015far\u0131, yaln\u0131zca y\u00fcksek kaliteli \u00fcr\u00fcnler \u00fcretmekten ibaret de\u011fildir. Ayn\u0131 zamanda i\u015f ortaklar\u0131m\u0131z\u0131n markalar\u0131n\u0131 bir ad\u0131m ileriye ta\u015f\u0131yabilmektir. Bu nedenle her projeye standart bir i\u015f olarak de\u011fil, \u00f6zg\u00fcn bir i\u015f birli\u011fi olarak yakla\u015f\u0131r\u0131z. Markan\u0131n ruhunu anlamak, beklentileri do\u011fru analiz etmek ve bunu \u00fcretime eksiksiz yans\u0131tmak temel prensibimizdir.<\/p><p>Istanbul Factory\u2019nin \u00fcretim yakla\u015f\u0131m\u0131; h\u0131z, kalite ve esneklik aras\u0131nda kurulan dengeden olu\u015fur. De\u011fi\u015fen moda trendlerine h\u0131zl\u0131 \u015fekilde uyum sa\u011flarken, kalite standartlar\u0131m\u0131zdan asla \u00f6d\u00fcn vermeyiz. K\u00fc\u00e7\u00fck \u00f6l\u00e7ekli \u00fcretimlerden y\u00fcksek hacimli sipari\u015flere kadar her projeye ayn\u0131 \u00f6zenle yakla\u015f\u0131r\u0131z.<\/p><p>Felsefemizin merkezinde g\u00fcven ve s\u00fcrd\u00fcr\u00fclebilir i\u015f ortakl\u0131klar\u0131 yer al\u0131r. K\u0131sa vadeli kazan\u0131mlar yerine, uzun vadeli ili\u015fkiler kurmay\u0131 ve m\u00fc\u015fterilerimizle birlikte b\u00fcy\u00fcmeyi hedefleriz. \u015eeffaf ileti\u015fim, do\u011fru planlama ve zaman\u0131nda teslimat bu yakla\u015f\u0131m\u0131n temelini olu\u015fturur.<\/p><p>Ayn\u0131 zamanda \u00fcretimde s\u00fcrd\u00fcr\u00fclebilirli\u011fi \u00f6n planda tutar; kaynaklar\u0131 verimli kullanmaya, kalite odakl\u0131 \u00fcretim yapmaya ve uzun \u00f6m\u00fcrl\u00fc \u00fcr\u00fcnler geli\u015ftirmeye \u00f6nem veririz. Bu sayede yaln\u0131zca markalara de\u011fil, sekt\u00f6r\u00fcn b\u00fct\u00fcn\u00fcne de\u011fer katmay\u0131 ama\u00e7lar\u0131z.<\/p><p>Istanbul Factory i\u00e7in \u00fcretim, yaln\u0131zca ortaya \u00e7\u0131kan nihai \u00fcr\u00fcn de\u011fil, s\u00fcre\u00e7 boyunca olu\u015fturulan de\u011ferin tamam\u0131d\u0131r. Bu bak\u0131\u015f a\u00e7\u0131s\u0131yla her projede iz b\u0131rakmay\u0131 ve i\u015f ortaklar\u0131m\u0131zla birlikte g\u00fc\u00e7l\u00fc markalar in\u015fa etmeyi hedefliyoruz.<\/p>\t\t\t\t\t\t\t\t<\/div>\n\t\t\t\t<\/div>\n\t\t\t\t<div class=\"elementor-element elementor-element-57954e0 sc_height_small sc_layouts_hide_on_tablet sc_layouts_hide_on_mobile sc_fly_static elementor-widget elementor-widget-spacer\" data-id=\"57954e0\" data-element_type=\"widget\" data-e-type=\"widget\" data-widget_type=\"spacer.default\">\n\t\t\t\t<div class=\"elementor-widget-container\">\n\t\t\t\t\t\t\t<div class=\"elementor-spacer\">\n\t\t\t<div class=\"elementor-spacer-inner\"><\/div>\n\t\t<\/div>\n\t\t\t\t\t\t<\/div>\n\t\t\t\t<\/div>\n\t\t\t\t<div class=\"elementor-element elementor-element-9585eab sc_layouts_hide_on_wide sc_layouts_hide_on_desktop sc_layouts_hide_on_notebook sc_fly_static elementor-widget elementor-widget-spacer\" data-id=\"9585eab\" data-element_type=\"widget\" data-e-type=\"widget\" data-widget_type=\"spacer.default\">\n\t\t\t\t<div class=\"elementor-widget-container\">\n\t\t\t\t\t\t\t<div class=\"elementor-spacer\">\n\t\t\t<div class=\"elementor-spacer-inner\"><\/div>\n\t\t<\/div>\n\t\t\t\t\t\t<\/div>\n\t\t\t\t<\/div>\n\t\t\t\t\t<\/div>\n\t\t<\/div>\n\t\t\t\t\t<\/div>\n\t\t<\/section>\n\t\t\t\t<section class=\"elementor-section elementor-top-section elementor-element elementor-element-025ea56 elementor-section-content-middle elementor-section-boxed elementor-section-height-default elementor-section-height-default sc_fly_static\" data-id=\"025ea56\" data-element_type=\"section\" data-e-type=\"section\">\n\t\t\t\t\t\t<div class=\"elementor-container elementor-column-gap-extended\">\n\t\t\t\t\t<div class=\"elementor-column elementor-col-50 elementor-top-column elementor-element elementor-element-4c6f324 sc_content_align_inherit sc_layouts_column_icons_position_left sc_fly_static\" data-id=\"4c6f324\" data-element_type=\"column\" data-e-type=\"column\">\n\t\t\t<div class=\"elementor-widget-wrap elementor-element-populated\">\n\t\t\t\t\t\t<div class=\"elementor-element elementor-element-e1b2853 sc_fly_static elementor-widget elementor-widget-trx_sc_title\" data-id=\"e1b2853\" data-element_type=\"widget\" data-e-type=\"widget\" data-widget_type=\"trx_sc_title.default\">\n\t\t\t\t<div class=\"elementor-widget-container\">\n\t\t\t\t\t<div\t\tclass=\"sc_title sc_title_default\" ><h4 class=\"sc_item_title sc_title_title sc_item_title_style_default sc_item_title_tag\"\n\t\t\t><span class=\"sc_item_title_text\">Tekstil \u00fcretimi, kuma\u015f teknolojileri ve \u00fcretim s\u00fcre\u00e7leri hakk\u0131nda en g\u00fcncel bilgiler ve profesyonel \u00fcretim i\u00e7g\u00f6r\u00fcleriyle daima g\u00fcncel kal\u0131n.<\/span><\/h4><\/div>\t\t\t\t<\/div>\n\t\t\t\t<\/div>\n\t\t\t\t\t<\/div>\n\t\t<\/div>\n\t\t\t\t<div class=\"elementor-column elementor-col-50 elementor-top-column elementor-element elementor-element-3c7d0ea sc_content_align_inherit sc_layouts_column_icons_position_left sc_fly_static\" data-id=\"3c7d0ea\" data-element_type=\"column\" data-e-type=\"column\">\n\t\t\t<div class=\"elementor-widget-wrap elementor-element-populated\">\n\t\t\t\t\t\t<div class=\"elementor-element elementor-element-c6d7373 sc_fly_static elementor-widget elementor-widget-spacer\" data-id=\"c6d7373\" data-element_type=\"widget\" data-e-type=\"widget\" data-widget_type=\"spacer.default\">\n\t\t\t\t<div class=\"elementor-widget-container\">\n\t\t\t\t\t\t\t<div class=\"elementor-spacer\">\n\t\t\t<div class=\"elementor-spacer-inner\"><\/div>\n\t\t<\/div>\n\t\t\t\t\t\t<\/div>\n\t\t\t\t<\/div>\n\t\t\t\t<div class=\"elementor-element elementor-element-45e1318 sc_fly_static elementor-widget elementor-widget-shortcode\" data-id=\"45e1318\" data-element_type=\"widget\" data-e-type=\"widget\" data-widget_type=\"shortcode.default\">\n\t\t\t\t<div class=\"elementor-widget-container\">\n\t\t\t\t\t\t\t<div class=\"elementor-shortcode\"><script>(function() {\n\twindow.mc4wp = window.mc4wp || {\n\t\tlisteners: [],\n\t\tforms: {\n\t\t\ton: function(evt, cb) {\n\t\t\t\twindow.mc4wp.listeners.push(\n\t\t\t\t\t{\n\t\t\t\t\t\tevent   : evt,\n\t\t\t\t\t\tcallback: cb\n\t\t\t\t\t}\n\t\t\t\t);\n\t\t\t}\n\t\t}\n\t}\n})();\n<\/script><!-- Mailchimp for WordPress v4.12.5 - https:\/\/wordpress.org\/plugins\/mailchimp-for-wp\/ --><form id=\"style-3\" class=\"mc4wp-form mc4wp-form-461\" method=\"post\" data-id=\"461\" data-name=\"Subscribe\" ><div class=\"mc4wp-form-fields\"><input type=\"email\" name=\"EMAIL\" placeholder=\"Enter Your Email Address\" \/>\n<button>Subscribe<\/button>\n<input name=\"i_agree_privacy_policy\" value=\"1\" required=\"\" type=\"checkbox\"><label>I agree to the <a href=\"\/privacy-policy\/\" target=\"_blank\">Privacy Policy<\/a>.<\/label><\/div><label style=\"display: none !important;\">Leave this field empty if you're human: <input type=\"text\" name=\"_mc4wp_honeypot\" value=\"\" tabindex=\"-1\" autocomplete=\"off\" \/><\/label><input type=\"hidden\" name=\"_mc4wp_timestamp\" value=\"1778694677\" \/><input type=\"hidden\" name=\"_mc4wp_form_id\" value=\"461\" \/><input type=\"hidden\" name=\"_mc4wp_form_element_id\" value=\"style-3\" \/><div class=\"mc4wp-response\"><\/div><\/form><!-- \/ Mailchimp for WordPress Plugin --><\/div>\n\t\t\t\t\t\t<\/div>\n\t\t\t\t<\/div>\n\t\t\t\t<div class=\"elementor-element elementor-element-2e9ddb6 sc_layouts_hide_on_mobile sc_fly_static elementor-widget elementor-widget-spacer\" data-id=\"2e9ddb6\" data-element_type=\"widget\" data-e-type=\"widget\" data-widget_type=\"spacer.default\">\n\t\t\t\t<div class=\"elementor-widget-container\">\n\t\t\t\t\t\t\t<div class=\"elementor-spacer\">\n\t\t\t<div class=\"elementor-spacer-inner\"><\/div>\n\t\t<\/div>\n\t\t\t\t\t\t<\/div>\n\t\t\t\t<\/div>\n\t\t\t\t\t<\/div>\n\t\t<\/div>\n\t\t\t\t\t<\/div>\n\t\t<\/section>\n\t\t\t\t<\/div>\n\t\t","protected":false},"excerpt":{"rendered":"<p>\u00dcretime ba\u015flamadan \u00f6nce fikri anlaman\u0131n \u00f6nemine inan\u0131yoruz. Istanbul Factory olarak \u00fcretimi yaln\u0131zca bir s\u00fcre\u00e7 olarak de\u011fil, markan\u0131n hikayesinin ayr\u0131lmaz bir par\u00e7as\u0131 olarak g\u00f6r\u00fcyoruz. Her \u00fcr\u00fcn\u00fcn bir fikri, bir kimli\u011fi ve&hellip;<\/p>\n","protected":false},"author":1,"featured_media":21068,"parent":17758,"menu_order":0,"comment_status":"closed","ping_status":"closed","template":"","meta":{"footnotes":""},"class_list":["post-21058","page","type-page","status-publish","has-post-thumbnail","hentry"],"yoast_head":"<!-- This site is optimized with the Yoast SEO plugin v27.5 - https:\/\/yoast.com\/product\/yoast-seo-wordpress\/ -->\n<title>\u00dcretim Anlay\u0131\u015f\u0131m\u0131z - Istanbul Factory<\/title>\n<meta name=\"description\" content=\"\u0130stanbul&#039;daki tekstil \u00fcretim yakla\u015f\u0131m\u0131m\u0131z\u0131 tan\u0131mlayan kalite, s\u00fcrd\u00fcr\u00fclebilirlik ve hassasiyetin \u00f6n planda oldu\u011fu \u0130stanbul Factory&#039;n\u0131n felsefesini ke\u015ffedin.\" \/>\n<meta name=\"robots\" content=\"index, follow, max-snippet:-1, max-image-preview:large, max-video-preview:-1\" \/>\n<link rel=\"canonical\" href=\"https:\/\/istanbulfactory.com\/tr\/hakkimizda\/uretim-anlayisimiz\/\" \/>\n<meta property=\"og:locale\" content=\"en_US\" \/>\n<meta property=\"og:type\" content=\"article\" \/>\n<meta property=\"og:title\" content=\"\u00dcretim Anlay\u0131\u015f\u0131m\u0131z - Istanbul Factory\" \/>\n<meta property=\"og:description\" content=\"\u0130stanbul&#039;daki tekstil \u00fcretim yakla\u015f\u0131m\u0131m\u0131z\u0131 tan\u0131mlayan kalite, s\u00fcrd\u00fcr\u00fclebilirlik ve hassasiyetin \u00f6n planda oldu\u011fu \u0130stanbul Factory&#039;n\u0131n felsefesini ke\u015ffedin.\" \/>\n<meta property=\"og:url\" content=\"https:\/\/istanbulfactory.com\/tr\/hakkimizda\/uretim-anlayisimiz\/\" \/>\n<meta property=\"og:site_name\" content=\"Istanbul Factory\" \/>\n<meta property=\"article:publisher\" content=\"https:\/\/www.facebook.com\/profile.php?id=100064391274122\" \/>\n<meta property=\"article:modified_time\" content=\"2026-05-04T12:10:17+00:00\" \/>\n<meta property=\"og:image\" content=\"https:\/\/istanbulfactory.com\/tr\/wp-content\/uploads\/sites\/3\/2026\/04\/Our-Philosophy-Design.jpg\" \/>\n\t<meta property=\"og:image:width\" content=\"941\" \/>\n\t<meta property=\"og:image:height\" content=\"1672\" \/>\n\t<meta property=\"og:image:type\" content=\"image\/jpeg\" \/>\n<meta name=\"twitter:card\" content=\"summary_large_image\" \/>\n<meta name=\"twitter:label1\" content=\"Est. reading time\" \/>\n\t<meta name=\"twitter:data1\" content=\"2 minutes\" \/>\n<script type=\"application\/ld+json\" class=\"yoast-schema-graph\">{\"@context\":\"https:\\\/\\\/schema.org\",\"@graph\":[{\"@type\":\"WebPage\",\"@id\":\"https:\\\/\\\/istanbulfactory.com\\\/tr\\\/hakkimizda\\\/uretim-anlayisimiz\\\/\",\"url\":\"https:\\\/\\\/istanbulfactory.com\\\/tr\\\/hakkimizda\\\/uretim-anlayisimiz\\\/\",\"name\":\"\u00dcretim Anlay\u0131\u015f\u0131m\u0131z - Istanbul Factory\",\"isPartOf\":{\"@id\":\"https:\\\/\\\/istanbulfactory.com\\\/tr\\\/#website\"},\"primaryImageOfPage\":{\"@id\":\"https:\\\/\\\/istanbulfactory.com\\\/tr\\\/hakkimizda\\\/uretim-anlayisimiz\\\/#primaryimage\"},\"image\":{\"@id\":\"https:\\\/\\\/istanbulfactory.com\\\/tr\\\/hakkimizda\\\/uretim-anlayisimiz\\\/#primaryimage\"},\"thumbnailUrl\":\"https:\\\/\\\/istanbulfactory.com\\\/tr\\\/wp-content\\\/uploads\\\/sites\\\/3\\\/2026\\\/04\\\/Our-Philosophy-Design.jpg\",\"datePublished\":\"2026-04-24T08:51:16+00:00\",\"dateModified\":\"2026-05-04T12:10:17+00:00\",\"description\":\"\u0130stanbul'daki tekstil \u00fcretim yakla\u015f\u0131m\u0131m\u0131z\u0131 tan\u0131mlayan kalite, s\u00fcrd\u00fcr\u00fclebilirlik ve hassasiyetin \u00f6n planda oldu\u011fu \u0130stanbul Factory'n\u0131n felsefesini ke\u015ffedin.\",\"breadcrumb\":{\"@id\":\"https:\\\/\\\/istanbulfactory.com\\\/tr\\\/hakkimizda\\\/uretim-anlayisimiz\\\/#breadcrumb\"},\"inLanguage\":\"en-US\",\"potentialAction\":[{\"@type\":\"ReadAction\",\"target\":[\"https:\\\/\\\/istanbulfactory.com\\\/tr\\\/hakkimizda\\\/uretim-anlayisimiz\\\/\"]}]},{\"@type\":\"ImageObject\",\"inLanguage\":\"en-US\",\"@id\":\"https:\\\/\\\/istanbulfactory.com\\\/tr\\\/hakkimizda\\\/uretim-anlayisimiz\\\/#primaryimage\",\"url\":\"https:\\\/\\\/istanbulfactory.com\\\/tr\\\/wp-content\\\/uploads\\\/sites\\\/3\\\/2026\\\/04\\\/Our-Philosophy-Design.jpg\",\"contentUrl\":\"https:\\\/\\\/istanbulfactory.com\\\/tr\\\/wp-content\\\/uploads\\\/sites\\\/3\\\/2026\\\/04\\\/Our-Philosophy-Design.jpg\",\"width\":941,\"height\":1672,\"caption\":\"Our Philosophy Design\"},{\"@type\":\"BreadcrumbList\",\"@id\":\"https:\\\/\\\/istanbulfactory.com\\\/tr\\\/hakkimizda\\\/uretim-anlayisimiz\\\/#breadcrumb\",\"itemListElement\":[{\"@type\":\"ListItem\",\"position\":1,\"name\":\"Home\",\"item\":\"https:\\\/\\\/istanbulfactory.com\\\/tr\\\/\"},{\"@type\":\"ListItem\",\"position\":2,\"name\":\"Hakk\u0131m\u0131zda\",\"item\":\"https:\\\/\\\/istanbulfactory.com\\\/tr\\\/hakkimizda\\\/\"},{\"@type\":\"ListItem\",\"position\":3,\"name\":\"\u00dcretim Anlay\u0131\u015f\u0131m\u0131z\"}]},{\"@type\":\"WebSite\",\"@id\":\"https:\\\/\\\/istanbulfactory.com\\\/tr\\\/#website\",\"url\":\"https:\\\/\\\/istanbulfactory.com\\\/tr\\\/\",\"name\":\"Istanbul Factory\",\"description\":\"Streetwear Manufacturing Partner\",\"publisher\":{\"@id\":\"https:\\\/\\\/istanbulfactory.com\\\/tr\\\/#organization\"},\"potentialAction\":[{\"@type\":\"SearchAction\",\"target\":{\"@type\":\"EntryPoint\",\"urlTemplate\":\"https:\\\/\\\/istanbulfactory.com\\\/tr\\\/?s={search_term_string}\"},\"query-input\":{\"@type\":\"PropertyValueSpecification\",\"valueRequired\":true,\"valueName\":\"search_term_string\"}}],\"inLanguage\":\"en-US\"},{\"@type\":\"Organization\",\"@id\":\"https:\\\/\\\/istanbulfactory.com\\\/tr\\\/#organization\",\"name\":\"Istanbul Factory\",\"url\":\"https:\\\/\\\/istanbulfactory.com\\\/tr\\\/\",\"logo\":{\"@type\":\"ImageObject\",\"inLanguage\":\"en-US\",\"@id\":\"https:\\\/\\\/istanbulfactory.com\\\/tr\\\/#\\\/schema\\\/logo\\\/image\\\/\",\"url\":\"https:\\\/\\\/istanbulfactory.com\\\/tr\\\/wp-content\\\/uploads\\\/sites\\\/3\\\/2026\\\/04\\\/Istanbul-Factory-Logo-horizontal-without-space_.webp\",\"contentUrl\":\"https:\\\/\\\/istanbulfactory.com\\\/tr\\\/wp-content\\\/uploads\\\/sites\\\/3\\\/2026\\\/04\\\/Istanbul-Factory-Logo-horizontal-without-space_.webp\",\"width\":521,\"height\":120,\"caption\":\"Istanbul Factory\"},\"image\":{\"@id\":\"https:\\\/\\\/istanbulfactory.com\\\/tr\\\/#\\\/schema\\\/logo\\\/image\\\/\"},\"sameAs\":[\"https:\\\/\\\/www.facebook.com\\\/profile.php?id=100064391274122\",\"https:\\\/\\\/www.instagram.com\\\/istanbul_factory\\\/\",\"https:\\\/\\\/www.youtube.com\\\/@istanbulfactory4284\"]}]}<\/script>\n<!-- \/ Yoast SEO plugin. -->","yoast_head_json":{"title":"\u00dcretim Anlay\u0131\u015f\u0131m\u0131z - Istanbul Factory","description":"\u0130stanbul'daki tekstil \u00fcretim yakla\u015f\u0131m\u0131m\u0131z\u0131 tan\u0131mlayan kalite, s\u00fcrd\u00fcr\u00fclebilirlik ve hassasiyetin \u00f6n planda oldu\u011fu \u0130stanbul Factory'n\u0131n felsefesini ke\u015ffedin.","robots":{"index":"index","follow":"follow","max-snippet":"max-snippet:-1","max-image-preview":"max-image-preview:large","max-video-preview":"max-video-preview:-1"},"canonical":"https:\/\/istanbulfactory.com\/tr\/hakkimizda\/uretim-anlayisimiz\/","og_locale":"en_US","og_type":"article","og_title":"\u00dcretim Anlay\u0131\u015f\u0131m\u0131z - Istanbul Factory","og_description":"\u0130stanbul'daki tekstil \u00fcretim yakla\u015f\u0131m\u0131m\u0131z\u0131 tan\u0131mlayan kalite, s\u00fcrd\u00fcr\u00fclebilirlik ve hassasiyetin \u00f6n planda oldu\u011fu \u0130stanbul Factory'n\u0131n felsefesini ke\u015ffedin.","og_url":"https:\/\/istanbulfactory.com\/tr\/hakkimizda\/uretim-anlayisimiz\/","og_site_name":"Istanbul Factory","article_publisher":"https:\/\/www.facebook.com\/profile.php?id=100064391274122","article_modified_time":"2026-05-04T12:10:17+00:00","og_image":[{"width":941,"height":1672,"url":"https:\/\/istanbulfactory.com\/tr\/wp-content\/uploads\/sites\/3\/2026\/04\/Our-Philosophy-Design.jpg","type":"image\/jpeg"}],"twitter_card":"summary_large_image","twitter_misc":{"Est. reading time":"2 minutes"},"schema":{"@context":"https:\/\/schema.org","@graph":[{"@type":"WebPage","@id":"https:\/\/istanbulfactory.com\/tr\/hakkimizda\/uretim-anlayisimiz\/","url":"https:\/\/istanbulfactory.com\/tr\/hakkimizda\/uretim-anlayisimiz\/","name":"\u00dcretim Anlay\u0131\u015f\u0131m\u0131z - Istanbul Factory","isPartOf":{"@id":"https:\/\/istanbulfactory.com\/tr\/#website"},"primaryImageOfPage":{"@id":"https:\/\/istanbulfactory.com\/tr\/hakkimizda\/uretim-anlayisimiz\/#primaryimage"},"image":{"@id":"https:\/\/istanbulfactory.com\/tr\/hakkimizda\/uretim-anlayisimiz\/#primaryimage"},"thumbnailUrl":"https:\/\/istanbulfactory.com\/tr\/wp-content\/uploads\/sites\/3\/2026\/04\/Our-Philosophy-Design.jpg","datePublished":"2026-04-24T08:51:16+00:00","dateModified":"2026-05-04T12:10:17+00:00","description":"\u0130stanbul'daki tekstil \u00fcretim yakla\u015f\u0131m\u0131m\u0131z\u0131 tan\u0131mlayan kalite, s\u00fcrd\u00fcr\u00fclebilirlik ve hassasiyetin \u00f6n planda oldu\u011fu \u0130stanbul Factory'n\u0131n felsefesini ke\u015ffedin.","breadcrumb":{"@id":"https:\/\/istanbulfactory.com\/tr\/hakkimizda\/uretim-anlayisimiz\/#breadcrumb"},"inLanguage":"en-US","potentialAction":[{"@type":"ReadAction","target":["https:\/\/istanbulfactory.com\/tr\/hakkimizda\/uretim-anlayisimiz\/"]}]},{"@type":"ImageObject","inLanguage":"en-US","@id":"https:\/\/istanbulfactory.com\/tr\/hakkimizda\/uretim-anlayisimiz\/#primaryimage","url":"https:\/\/istanbulfactory.com\/tr\/wp-content\/uploads\/sites\/3\/2026\/04\/Our-Philosophy-Design.jpg","contentUrl":"https:\/\/istanbulfactory.com\/tr\/wp-content\/uploads\/sites\/3\/2026\/04\/Our-Philosophy-Design.jpg","width":941,"height":1672,"caption":"Our Philosophy Design"},{"@type":"BreadcrumbList","@id":"https:\/\/istanbulfactory.com\/tr\/hakkimizda\/uretim-anlayisimiz\/#breadcrumb","itemListElement":[{"@type":"ListItem","position":1,"name":"Home","item":"https:\/\/istanbulfactory.com\/tr\/"},{"@type":"ListItem","position":2,"name":"Hakk\u0131m\u0131zda","item":"https:\/\/istanbulfactory.com\/tr\/hakkimizda\/"},{"@type":"ListItem","position":3,"name":"\u00dcretim Anlay\u0131\u015f\u0131m\u0131z"}]},{"@type":"WebSite","@id":"https:\/\/istanbulfactory.com\/tr\/#website","url":"https:\/\/istanbulfactory.com\/tr\/","name":"Istanbul Factory","description":"Streetwear Manufacturing Partner","publisher":{"@id":"https:\/\/istanbulfactory.com\/tr\/#organization"},"potentialAction":[{"@type":"SearchAction","target":{"@type":"EntryPoint","urlTemplate":"https:\/\/istanbulfactory.com\/tr\/?s={search_term_string}"},"query-input":{"@type":"PropertyValueSpecification","valueRequired":true,"valueName":"search_term_string"}}],"inLanguage":"en-US"},{"@type":"Organization","@id":"https:\/\/istanbulfactory.com\/tr\/#organization","name":"Istanbul Factory","url":"https:\/\/istanbulfactory.com\/tr\/","logo":{"@type":"ImageObject","inLanguage":"en-US","@id":"https:\/\/istanbulfactory.com\/tr\/#\/schema\/logo\/image\/","url":"https:\/\/istanbulfactory.com\/tr\/wp-content\/uploads\/sites\/3\/2026\/04\/Istanbul-Factory-Logo-horizontal-without-space_.webp","contentUrl":"https:\/\/istanbulfactory.com\/tr\/wp-content\/uploads\/sites\/3\/2026\/04\/Istanbul-Factory-Logo-horizontal-without-space_.webp","width":521,"height":120,"caption":"Istanbul Factory"},"image":{"@id":"https:\/\/istanbulfactory.com\/tr\/#\/schema\/logo\/image\/"},"sameAs":["https:\/\/www.facebook.com\/profile.php?id=100064391274122","https:\/\/www.instagram.com\/istanbul_factory\/","https:\/\/www.youtube.com\/@istanbulfactory4284"]}]}},"_links":{"self":[{"href":"https:\/\/istanbulfactory.com\/tr\/wp-json\/wp\/v2\/pages\/21058","targetHints":{"allow":["GET"]}}],"collection":[{"href":"https:\/\/istanbulfactory.com\/tr\/wp-json\/wp\/v2\/pages"}],"about":[{"href":"https:\/\/istanbulfactory.com\/tr\/wp-json\/wp\/v2\/types\/page"}],"author":[{"embeddable":true,"href":"https:\/\/istanbulfactory.com\/tr\/wp-json\/wp\/v2\/users\/1"}],"replies":[{"embeddable":true,"href":"https:\/\/istanbulfactory.com\/tr\/wp-json\/wp\/v2\/comments?post=21058"}],"version-history":[{"count":14,"href":"https:\/\/istanbulfactory.com\/tr\/wp-json\/wp\/v2\/pages\/21058\/revisions"}],"predecessor-version":[{"id":21822,"href":"https:\/\/istanbulfactory.com\/tr\/wp-json\/wp\/v2\/pages\/21058\/revisions\/21822"}],"up":[{"embeddable":true,"href":"https:\/\/istanbulfactory.com\/tr\/wp-json\/wp\/v2\/pages\/17758"}],"wp:featuredmedia":[{"embeddable":true,"href":"https:\/\/istanbulfactory.com\/tr\/wp-json\/wp\/v2\/media\/21068"}],"wp:attachment":[{"href":"https:\/\/istanbulfactory.com\/tr\/wp-json\/wp\/v2\/media?parent=21058"}],"curies":[{"name":"wp","href":"https:\/\/api.w.org\/{rel}","templated":true}]}}