{"id":21198,"date":"2026-04-24T13:43:05","date_gmt":"2026-04-24T13:43:05","guid":{"rendered":"https:\/\/istanbulfactory.com\/tr\/?page_id=21198"},"modified":"2026-05-11T13:03:39","modified_gmt":"2026-05-11T13:03:39","slug":"cerez-politikasi","status":"publish","type":"page","link":"https:\/\/istanbulfactory.com\/tr\/cerez-politikasi\/","title":{"rendered":"\u00c7erez Politikas\u0131"},"content":{"rendered":"\t\t<div data-elementor-type=\"wp-page\" data-elementor-id=\"21198\" class=\"elementor elementor-21198\">\n\t\t\t\t\t\t<section class=\"elementor-section elementor-top-section elementor-element elementor-element-2b1184b0 elementor-section-boxed elementor-section-height-default elementor-section-height-default sc_fly_static\" data-id=\"2b1184b0\" data-element_type=\"section\" data-e-type=\"section\" data-settings=\"{&quot;background_background&quot;:&quot;classic&quot;}\">\n\t\t\t\t\t\t<div class=\"elementor-container elementor-column-gap-extended\">\n\t\t\t\t\t<div class=\"elementor-column elementor-col-100 elementor-top-column elementor-element elementor-element-153e1c19 sc_content_align_inherit sc_layouts_column_icons_position_left sc_fly_static\" data-id=\"153e1c19\" data-element_type=\"column\" data-e-type=\"column\">\n\t\t\t<div class=\"elementor-widget-wrap elementor-element-populated\">\n\t\t\t\t\t\t<div class=\"elementor-element elementor-element-54db29de sc_fly_static elementor-widget elementor-widget-text-editor\" data-id=\"54db29de\" data-element_type=\"widget\" data-e-type=\"widget\" data-widget_type=\"text-editor.default\">\n\t\t\t\t<div class=\"elementor-widget-container\">\n\t\t\t\t\t\t\t\t\t<p><strong>Y\u00fcr\u00fcrl\u00fck Tarihi:<\/strong> 11\/05\/2026<\/p><p>Bu web sitesi kullan\u0131c\u0131 deneyimini geli\u015ftirmek amac\u0131yla \u00e7erezler kullanmaktad\u0131r.<\/p><hr \/><h3>\u00c7erez Nedir?<\/h3><p>\u00c7erezler, ziyaret etti\u011finiz web siteleri taraf\u0131ndan cihaz\u0131n\u0131za kaydedilen k\u00fc\u00e7\u00fck veri dosyalar\u0131d\u0131r.<\/p><hr \/><h3>\u00c7erezlerin Kullan\u0131m\u0131<\/h3><p>\u00c7erezler a\u015fa\u011f\u0131daki ama\u00e7larla kullan\u0131labilir:<\/p><ul><li>Site trafi\u011fini analiz etmek<\/li><li>Web sitesi performans\u0131n\u0131 geli\u015ftirmek<\/li><li>Kullan\u0131c\u0131 tercihlerini hat\u0131rlamak<\/li><li>Daha iyi bir kullan\u0131c\u0131 deneyimi sunmak<\/li><\/ul><hr \/><h3>\u00dc\u00e7\u00fcnc\u00fc Taraf Hizmetleri<\/h3><p>Google Analytics gibi \u00fc\u00e7\u00fcnc\u00fc taraf hizmetler de \u00e7erez kullanabilir.<\/p><hr \/><h3>\u00c7erez Y\u00f6netimi<\/h3><p>Taray\u0131c\u0131 ayarlar\u0131n\u0131z \u00fczerinden \u00e7erezleri kontrol edebilir veya devre d\u0131\u015f\u0131 b\u0131rakabilirsiniz.<\/p><hr \/><h3>G\u00fcncellemeler<\/h3><p>Bu politika zaman zaman g\u00fcncellenebilir.<\/p>\t\t\t\t\t\t\t\t<\/div>\n\t\t\t\t<\/div>\n\t\t\t\t\t<\/div>\n\t\t<\/div>\n\t\t\t\t\t<\/div>\n\t\t<\/section>\n\t\t\t\t<section class=\"elementor-section elementor-top-section elementor-element elementor-element-7ef86bc8 elementor-section-boxed elementor-section-height-default elementor-section-height-default sc_fly_static\" data-id=\"7ef86bc8\" data-element_type=\"section\" data-e-type=\"section\">\n\t\t\t\t\t\t<div class=\"elementor-container elementor-column-gap-extended\">\n\t\t\t\t\t<div class=\"elementor-column elementor-col-100 elementor-top-column elementor-element elementor-element-19372eea sc_content_align_inherit sc_layouts_column_icons_position_left sc_fly_static\" data-id=\"19372eea\" data-element_type=\"column\" data-e-type=\"column\">\n\t\t\t<div class=\"elementor-widget-wrap elementor-element-populated\">\n\t\t\t\t\t\t<div class=\"elementor-element elementor-element-675bd03 sc_fly_static elementor-widget elementor-widget-html\" data-id=\"675bd03\" data-element_type=\"widget\" data-e-type=\"widget\" data-widget_type=\"html.default\">\n\t\t\t\t<div class=\"elementor-widget-container\">\n\t\t\t\t\t<style>\nhr, .vc_separator {\nmargin-top: 3em !important;\nmargin-bottom: 3em !important;\n}    \n\n<\/style>\t\t\t\t<\/div>\n\t\t\t\t<\/div>\n\t\t\t\t<div class=\"elementor-element elementor-element-690b98ed sc_fly_static elementor-widget elementor-widget-spacer\" data-id=\"690b98ed\" data-element_type=\"widget\" data-e-type=\"widget\" data-widget_type=\"spacer.default\">\n\t\t\t\t<div class=\"elementor-widget-container\">\n\t\t\t\t\t\t\t<div class=\"elementor-spacer\">\n\t\t\t<div class=\"elementor-spacer-inner\"><\/div>\n\t\t<\/div>\n\t\t\t\t\t\t<\/div>\n\t\t\t\t<\/div>\n\t\t\t\t\t<\/div>\n\t\t<\/div>\n\t\t\t\t\t<\/div>\n\t\t<\/section>\n\t\t\t\t<\/div>\n\t\t","protected":false},"excerpt":{"rendered":"<p>Y\u00fcr\u00fcrl\u00fck Tarihi: 11\/05\/2026 Bu web sitesi kullan\u0131c\u0131 deneyimini geli\u015ftirmek amac\u0131yla \u00e7erezler kullanmaktad\u0131r. \u00c7erez Nedir? \u00c7erezler, ziyaret etti\u011finiz web siteleri taraf\u0131ndan cihaz\u0131n\u0131za kaydedilen k\u00fc\u00e7\u00fck veri dosyalar\u0131d\u0131r. \u00c7erezlerin Kullan\u0131m\u0131 \u00c7erezler a\u015fa\u011f\u0131daki ama\u00e7larla&hellip;<\/p>\n","protected":false},"author":1,"featured_media":0,"parent":0,"menu_order":0,"comment_status":"closed","ping_status":"closed","template":"","meta":{"footnotes":""},"class_list":["post-21198","page","type-page","status-publish","hentry"],"yoast_head":"<!-- This site is optimized with the Yoast SEO plugin v27.5 - https:\/\/yoast.com\/product\/yoast-seo-wordpress\/ -->\n<title>\u00c7erez Politikas\u0131 - Istanbul Factory<\/title>\n<meta name=\"robots\" content=\"index, follow, max-snippet:-1, max-image-preview:large, max-video-preview:-1\" \/>\n<link rel=\"canonical\" href=\"https:\/\/istanbulfactory.com\/tr\/cerez-politikasi\/\" \/>\n<meta property=\"og:locale\" content=\"en_US\" \/>\n<meta property=\"og:type\" content=\"article\" \/>\n<meta property=\"og:title\" content=\"\u00c7erez Politikas\u0131 - Istanbul Factory\" \/>\n<meta property=\"og:description\" content=\"Y\u00fcr\u00fcrl\u00fck Tarihi: 11\/05\/2026 Bu web sitesi kullan\u0131c\u0131 deneyimini geli\u015ftirmek amac\u0131yla \u00e7erezler kullanmaktad\u0131r. \u00c7erez Nedir? \u00c7erezler, ziyaret etti\u011finiz web siteleri taraf\u0131ndan cihaz\u0131n\u0131za kaydedilen k\u00fc\u00e7\u00fck veri dosyalar\u0131d\u0131r. \u00c7erezlerin Kullan\u0131m\u0131 \u00c7erezler a\u015fa\u011f\u0131daki ama\u00e7larla&hellip;\" \/>\n<meta property=\"og:url\" content=\"https:\/\/istanbulfactory.com\/tr\/cerez-politikasi\/\" \/>\n<meta property=\"og:site_name\" content=\"Istanbul Factory\" \/>\n<meta property=\"article:publisher\" content=\"https:\/\/www.facebook.com\/profile.php?id=100064391274122\" \/>\n<meta property=\"article:modified_time\" content=\"2026-05-11T13:03:39+00:00\" \/>\n<meta name=\"twitter:card\" content=\"summary_large_image\" \/>\n<meta name=\"twitter:label1\" content=\"Est. reading time\" \/>\n\t<meta name=\"twitter:data1\" content=\"1 minute\" \/>\n<script type=\"application\/ld+json\" class=\"yoast-schema-graph\">{\"@context\":\"https:\\\/\\\/schema.org\",\"@graph\":[{\"@type\":\"WebPage\",\"@id\":\"https:\\\/\\\/istanbulfactory.com\\\/tr\\\/cerez-politikasi\\\/\",\"url\":\"https:\\\/\\\/istanbulfactory.com\\\/tr\\\/cerez-politikasi\\\/\",\"name\":\"\u00c7erez Politikas\u0131 - Istanbul Factory\",\"isPartOf\":{\"@id\":\"https:\\\/\\\/istanbulfactory.com\\\/tr\\\/#website\"},\"datePublished\":\"2026-04-24T13:43:05+00:00\",\"dateModified\":\"2026-05-11T13:03:39+00:00\",\"breadcrumb\":{\"@id\":\"https:\\\/\\\/istanbulfactory.com\\\/tr\\\/cerez-politikasi\\\/#breadcrumb\"},\"inLanguage\":\"en-US\",\"potentialAction\":[{\"@type\":\"ReadAction\",\"target\":[\"https:\\\/\\\/istanbulfactory.com\\\/tr\\\/cerez-politikasi\\\/\"]}]},{\"@type\":\"BreadcrumbList\",\"@id\":\"https:\\\/\\\/istanbulfactory.com\\\/tr\\\/cerez-politikasi\\\/#breadcrumb\",\"itemListElement\":[{\"@type\":\"ListItem\",\"position\":1,\"name\":\"Home\",\"item\":\"https:\\\/\\\/istanbulfactory.com\\\/tr\\\/\"},{\"@type\":\"ListItem\",\"position\":2,\"name\":\"\u00c7erez Politikas\u0131\"}]},{\"@type\":\"WebSite\",\"@id\":\"https:\\\/\\\/istanbulfactory.com\\\/tr\\\/#website\",\"url\":\"https:\\\/\\\/istanbulfactory.com\\\/tr\\\/\",\"name\":\"Istanbul Factory\",\"description\":\"Streetwear Manufacturing Partner\",\"publisher\":{\"@id\":\"https:\\\/\\\/istanbulfactory.com\\\/tr\\\/#organization\"},\"potentialAction\":[{\"@type\":\"SearchAction\",\"target\":{\"@type\":\"EntryPoint\",\"urlTemplate\":\"https:\\\/\\\/istanbulfactory.com\\\/tr\\\/?s={search_term_string}\"},\"query-input\":{\"@type\":\"PropertyValueSpecification\",\"valueRequired\":true,\"valueName\":\"search_term_string\"}}],\"inLanguage\":\"en-US\"},{\"@type\":\"Organization\",\"@id\":\"https:\\\/\\\/istanbulfactory.com\\\/tr\\\/#organization\",\"name\":\"Istanbul Factory\",\"url\":\"https:\\\/\\\/istanbulfactory.com\\\/tr\\\/\",\"logo\":{\"@type\":\"ImageObject\",\"inLanguage\":\"en-US\",\"@id\":\"https:\\\/\\\/istanbulfactory.com\\\/tr\\\/#\\\/schema\\\/logo\\\/image\\\/\",\"url\":\"https:\\\/\\\/istanbulfactory.com\\\/tr\\\/wp-content\\\/uploads\\\/sites\\\/3\\\/2026\\\/04\\\/Istanbul-Factory-Logo-horizontal-without-space_.webp\",\"contentUrl\":\"https:\\\/\\\/istanbulfactory.com\\\/tr\\\/wp-content\\\/uploads\\\/sites\\\/3\\\/2026\\\/04\\\/Istanbul-Factory-Logo-horizontal-without-space_.webp\",\"width\":521,\"height\":120,\"caption\":\"Istanbul Factory\"},\"image\":{\"@id\":\"https:\\\/\\\/istanbulfactory.com\\\/tr\\\/#\\\/schema\\\/logo\\\/image\\\/\"},\"sameAs\":[\"https:\\\/\\\/www.facebook.com\\\/profile.php?id=100064391274122\",\"https:\\\/\\\/www.instagram.com\\\/istanbul_factory\\\/\",\"https:\\\/\\\/www.youtube.com\\\/@istanbulfactory4284\"]}]}<\/script>\n<!-- \/ Yoast SEO plugin. -->","yoast_head_json":{"title":"\u00c7erez Politikas\u0131 - Istanbul Factory","robots":{"index":"index","follow":"follow","max-snippet":"max-snippet:-1","max-image-preview":"max-image-preview:large","max-video-preview":"max-video-preview:-1"},"canonical":"https:\/\/istanbulfactory.com\/tr\/cerez-politikasi\/","og_locale":"en_US","og_type":"article","og_title":"\u00c7erez Politikas\u0131 - Istanbul Factory","og_description":"Y\u00fcr\u00fcrl\u00fck Tarihi: 11\/05\/2026 Bu web sitesi kullan\u0131c\u0131 deneyimini geli\u015ftirmek amac\u0131yla \u00e7erezler kullanmaktad\u0131r. \u00c7erez Nedir? \u00c7erezler, ziyaret etti\u011finiz web siteleri taraf\u0131ndan cihaz\u0131n\u0131za kaydedilen k\u00fc\u00e7\u00fck veri dosyalar\u0131d\u0131r. \u00c7erezlerin Kullan\u0131m\u0131 \u00c7erezler a\u015fa\u011f\u0131daki ama\u00e7larla&hellip;","og_url":"https:\/\/istanbulfactory.com\/tr\/cerez-politikasi\/","og_site_name":"Istanbul Factory","article_publisher":"https:\/\/www.facebook.com\/profile.php?id=100064391274122","article_modified_time":"2026-05-11T13:03:39+00:00","twitter_card":"summary_large_image","twitter_misc":{"Est. reading time":"1 minute"},"schema":{"@context":"https:\/\/schema.org","@graph":[{"@type":"WebPage","@id":"https:\/\/istanbulfactory.com\/tr\/cerez-politikasi\/","url":"https:\/\/istanbulfactory.com\/tr\/cerez-politikasi\/","name":"\u00c7erez Politikas\u0131 - Istanbul Factory","isPartOf":{"@id":"https:\/\/istanbulfactory.com\/tr\/#website"},"datePublished":"2026-04-24T13:43:05+00:00","dateModified":"2026-05-11T13:03:39+00:00","breadcrumb":{"@id":"https:\/\/istanbulfactory.com\/tr\/cerez-politikasi\/#breadcrumb"},"inLanguage":"en-US","potentialAction":[{"@type":"ReadAction","target":["https:\/\/istanbulfactory.com\/tr\/cerez-politikasi\/"]}]},{"@type":"BreadcrumbList","@id":"https:\/\/istanbulfactory.com\/tr\/cerez-politikasi\/#breadcrumb","itemListElement":[{"@type":"ListItem","position":1,"name":"Home","item":"https:\/\/istanbulfactory.com\/tr\/"},{"@type":"ListItem","position":2,"name":"\u00c7erez Politikas\u0131"}]},{"@type":"WebSite","@id":"https:\/\/istanbulfactory.com\/tr\/#website","url":"https:\/\/istanbulfactory.com\/tr\/","name":"Istanbul Factory","description":"Streetwear Manufacturing Partner","publisher":{"@id":"https:\/\/istanbulfactory.com\/tr\/#organization"},"potentialAction":[{"@type":"SearchAction","target":{"@type":"EntryPoint","urlTemplate":"https:\/\/istanbulfactory.com\/tr\/?s={search_term_string}"},"query-input":{"@type":"PropertyValueSpecification","valueRequired":true,"valueName":"search_term_string"}}],"inLanguage":"en-US"},{"@type":"Organization","@id":"https:\/\/istanbulfactory.com\/tr\/#organization","name":"Istanbul Factory","url":"https:\/\/istanbulfactory.com\/tr\/","logo":{"@type":"ImageObject","inLanguage":"en-US","@id":"https:\/\/istanbulfactory.com\/tr\/#\/schema\/logo\/image\/","url":"https:\/\/istanbulfactory.com\/tr\/wp-content\/uploads\/sites\/3\/2026\/04\/Istanbul-Factory-Logo-horizontal-without-space_.webp","contentUrl":"https:\/\/istanbulfactory.com\/tr\/wp-content\/uploads\/sites\/3\/2026\/04\/Istanbul-Factory-Logo-horizontal-without-space_.webp","width":521,"height":120,"caption":"Istanbul Factory"},"image":{"@id":"https:\/\/istanbulfactory.com\/tr\/#\/schema\/logo\/image\/"},"sameAs":["https:\/\/www.facebook.com\/profile.php?id=100064391274122","https:\/\/www.instagram.com\/istanbul_factory\/","https:\/\/www.youtube.com\/@istanbulfactory4284"]}]}},"_links":{"self":[{"href":"https:\/\/istanbulfactory.com\/tr\/wp-json\/wp\/v2\/pages\/21198","targetHints":{"allow":["GET"]}}],"collection":[{"href":"https:\/\/istanbulfactory.com\/tr\/wp-json\/wp\/v2\/pages"}],"about":[{"href":"https:\/\/istanbulfactory.com\/tr\/wp-json\/wp\/v2\/types\/page"}],"author":[{"embeddable":true,"href":"https:\/\/istanbulfactory.com\/tr\/wp-json\/wp\/v2\/users\/1"}],"replies":[{"embeddable":true,"href":"https:\/\/istanbulfactory.com\/tr\/wp-json\/wp\/v2\/comments?post=21198"}],"version-history":[{"count":11,"href":"https:\/\/istanbulfactory.com\/tr\/wp-json\/wp\/v2\/pages\/21198\/revisions"}],"predecessor-version":[{"id":21892,"href":"https:\/\/istanbulfactory.com\/tr\/wp-json\/wp\/v2\/pages\/21198\/revisions\/21892"}],"wp:attachment":[{"href":"https:\/\/istanbulfactory.com\/tr\/wp-json\/wp\/v2\/media?parent=21198"}],"curies":[{"name":"wp","href":"https:\/\/api.w.org\/{rel}","templated":true}]}}