{"id":21208,"date":"2026-04-24T13:45:55","date_gmt":"2026-04-24T13:45:55","guid":{"rendered":"https:\/\/istanbulfactory.com\/tr\/?page_id=21208"},"modified":"2026-05-11T13:00:22","modified_gmt":"2026-05-11T13:00:22","slug":"gdpr-uyumlulugu","status":"publish","type":"page","link":"https:\/\/istanbulfactory.com\/tr\/gdpr-uyumlulugu\/","title":{"rendered":"GDPR Uyumlulu\u011fu"},"content":{"rendered":"\t\t<div data-elementor-type=\"wp-page\" data-elementor-id=\"21208\" class=\"elementor elementor-21208\">\n\t\t\t\t\t\t<section class=\"elementor-section elementor-top-section elementor-element elementor-element-2b1184b0 elementor-section-boxed elementor-section-height-default elementor-section-height-default sc_fly_static\" data-id=\"2b1184b0\" data-element_type=\"section\" data-e-type=\"section\" data-settings=\"{&quot;background_background&quot;:&quot;classic&quot;}\">\n\t\t\t\t\t\t<div class=\"elementor-container elementor-column-gap-extended\">\n\t\t\t\t\t<div class=\"elementor-column elementor-col-100 elementor-top-column elementor-element elementor-element-153e1c19 sc_content_align_inherit sc_layouts_column_icons_position_left sc_fly_static\" data-id=\"153e1c19\" data-element_type=\"column\" data-e-type=\"column\">\n\t\t\t<div class=\"elementor-widget-wrap elementor-element-populated\">\n\t\t\t\t\t\t<div class=\"elementor-element elementor-element-54db29de sc_fly_static elementor-widget elementor-widget-text-editor\" data-id=\"54db29de\" data-element_type=\"widget\" data-e-type=\"widget\" data-widget_type=\"text-editor.default\">\n\t\t\t\t<div class=\"elementor-widget-container\">\n\t\t\t\t\t\t\t\t\t<p><strong>Y\u00fcr\u00fcrl\u00fck Tarihi:<\/strong> 11\/05\/2026<\/p><p>Istanbul Factory, kullan\u0131c\u0131 verilerinin korunmas\u0131na \u00f6nem verir ve GDPR dahil olmak \u00fczere ilgili veri koruma d\u00fczenlemelerine uygun hareket etmeyi hedefler.<\/p><hr \/><h3>Veri Toplama<\/h3><p>Yaln\u0131zca hizmet sunmak, ileti\u015fim sa\u011flamak ve web sitesi i\u015flevlerini geli\u015ftirmek i\u00e7in gerekli bilgiler toplan\u0131r.<\/p><hr \/><h3>Yasal Dayanak<\/h3><p>Ki\u015fisel veriler a\u015fa\u011f\u0131daki nedenlerle i\u015flenebilir:<\/p><ul><li>Kullan\u0131c\u0131 onay\u0131<\/li><li>Me\u015fru ticari menfaatler<\/li><li>S\u00f6zle\u015fmesel y\u00fck\u00fcml\u00fcl\u00fckler<\/li><\/ul><hr \/><h3>Kullan\u0131c\u0131 Haklar\u0131<\/h3><p>Kullan\u0131c\u0131lar a\u015fa\u011f\u0131daki haklara sahiptir:<\/p><ul><li>Verilerine eri\u015fim talep etmek<\/li><li>Yanl\u0131\u015f bilgileri d\u00fczeltmek<\/li><li>Verilerinin silinmesini istemek<\/li><li>\u0130\u015fleme faaliyetlerine itiraz etmek<\/li><li>Onaylar\u0131n\u0131 geri \u00e7ekmek<\/li><\/ul><hr \/><h3>Veri Koruma<\/h3><p>Ki\u015fisel verilerin korunmas\u0131 i\u00e7in gerekli teknik ve organizasyonel g\u00fcvenlik \u00f6nlemleri uygulanmaktad\u0131r.<\/p><hr \/><h3>\u0130leti\u015fim<\/h3><p>GDPR ile ilgili talepleriniz i\u00e7in:<\/p><p>info@istanbulfactory.com<\/p>\t\t\t\t\t\t\t\t<\/div>\n\t\t\t\t<\/div>\n\t\t\t\t\t<\/div>\n\t\t<\/div>\n\t\t\t\t\t<\/div>\n\t\t<\/section>\n\t\t\t\t<section class=\"elementor-section elementor-top-section elementor-element elementor-element-7ef86bc8 elementor-section-boxed elementor-section-height-default elementor-section-height-default sc_fly_static\" data-id=\"7ef86bc8\" data-element_type=\"section\" data-e-type=\"section\">\n\t\t\t\t\t\t<div class=\"elementor-container elementor-column-gap-extended\">\n\t\t\t\t\t<div class=\"elementor-column elementor-col-100 elementor-top-column elementor-element elementor-element-19372eea sc_content_align_inherit sc_layouts_column_icons_position_left sc_fly_static\" data-id=\"19372eea\" data-element_type=\"column\" data-e-type=\"column\">\n\t\t\t<div class=\"elementor-widget-wrap elementor-element-populated\">\n\t\t\t\t\t\t<div class=\"elementor-element elementor-element-675bd03 sc_fly_static elementor-widget elementor-widget-html\" data-id=\"675bd03\" data-element_type=\"widget\" data-e-type=\"widget\" data-widget_type=\"html.default\">\n\t\t\t\t<div class=\"elementor-widget-container\">\n\t\t\t\t\t<style>\nhr, .vc_separator {\nmargin-top: 3em !important;\nmargin-bottom: 3em !important;\n}    \n\n<\/style>\t\t\t\t<\/div>\n\t\t\t\t<\/div>\n\t\t\t\t<div class=\"elementor-element elementor-element-690b98ed sc_fly_static elementor-widget elementor-widget-spacer\" data-id=\"690b98ed\" data-element_type=\"widget\" data-e-type=\"widget\" data-widget_type=\"spacer.default\">\n\t\t\t\t<div class=\"elementor-widget-container\">\n\t\t\t\t\t\t\t<div class=\"elementor-spacer\">\n\t\t\t<div class=\"elementor-spacer-inner\"><\/div>\n\t\t<\/div>\n\t\t\t\t\t\t<\/div>\n\t\t\t\t<\/div>\n\t\t\t\t\t<\/div>\n\t\t<\/div>\n\t\t\t\t\t<\/div>\n\t\t<\/section>\n\t\t\t\t<\/div>\n\t\t","protected":false},"excerpt":{"rendered":"<p>Y\u00fcr\u00fcrl\u00fck Tarihi: 11\/05\/2026 Istanbul Factory, kullan\u0131c\u0131 verilerinin korunmas\u0131na \u00f6nem verir ve GDPR dahil olmak \u00fczere ilgili veri koruma d\u00fczenlemelerine uygun hareket etmeyi hedefler. Veri Toplama Yaln\u0131zca hizmet sunmak, ileti\u015fim sa\u011flamak&hellip;<\/p>\n","protected":false},"author":1,"featured_media":0,"parent":0,"menu_order":0,"comment_status":"closed","ping_status":"closed","template":"","meta":{"footnotes":""},"class_list":["post-21208","page","type-page","status-publish","hentry"],"yoast_head":"<!-- This site is optimized with the Yoast SEO plugin v27.5 - https:\/\/yoast.com\/product\/yoast-seo-wordpress\/ -->\n<title>GDPR Uyumlulu\u011fu - Istanbul Factory<\/title>\n<meta name=\"robots\" content=\"index, follow, max-snippet:-1, max-image-preview:large, max-video-preview:-1\" \/>\n<link rel=\"canonical\" href=\"https:\/\/istanbulfactory.com\/tr\/gdpr-uyumlulugu\/\" \/>\n<meta property=\"og:locale\" content=\"en_US\" \/>\n<meta property=\"og:type\" content=\"article\" \/>\n<meta property=\"og:title\" content=\"GDPR Uyumlulu\u011fu - Istanbul Factory\" \/>\n<meta property=\"og:description\" content=\"Y\u00fcr\u00fcrl\u00fck Tarihi: 11\/05\/2026 Istanbul Factory, kullan\u0131c\u0131 verilerinin korunmas\u0131na \u00f6nem verir ve GDPR dahil olmak \u00fczere ilgili veri koruma d\u00fczenlemelerine uygun hareket etmeyi hedefler. Veri Toplama Yaln\u0131zca hizmet sunmak, ileti\u015fim sa\u011flamak&hellip;\" \/>\n<meta property=\"og:url\" content=\"https:\/\/istanbulfactory.com\/tr\/gdpr-uyumlulugu\/\" \/>\n<meta property=\"og:site_name\" content=\"Istanbul Factory\" \/>\n<meta property=\"article:publisher\" content=\"https:\/\/www.facebook.com\/profile.php?id=100064391274122\" \/>\n<meta property=\"article:modified_time\" content=\"2026-05-11T13:00:22+00:00\" \/>\n<meta name=\"twitter:card\" content=\"summary_large_image\" \/>\n<meta name=\"twitter:label1\" content=\"Est. reading time\" \/>\n\t<meta name=\"twitter:data1\" content=\"1 minute\" \/>\n<script type=\"application\/ld+json\" class=\"yoast-schema-graph\">{\"@context\":\"https:\\\/\\\/schema.org\",\"@graph\":[{\"@type\":\"WebPage\",\"@id\":\"https:\\\/\\\/istanbulfactory.com\\\/tr\\\/gdpr-uyumlulugu\\\/\",\"url\":\"https:\\\/\\\/istanbulfactory.com\\\/tr\\\/gdpr-uyumlulugu\\\/\",\"name\":\"GDPR Uyumlulu\u011fu - Istanbul Factory\",\"isPartOf\":{\"@id\":\"https:\\\/\\\/istanbulfactory.com\\\/tr\\\/#website\"},\"datePublished\":\"2026-04-24T13:45:55+00:00\",\"dateModified\":\"2026-05-11T13:00:22+00:00\",\"breadcrumb\":{\"@id\":\"https:\\\/\\\/istanbulfactory.com\\\/tr\\\/gdpr-uyumlulugu\\\/#breadcrumb\"},\"inLanguage\":\"en-US\",\"potentialAction\":[{\"@type\":\"ReadAction\",\"target\":[\"https:\\\/\\\/istanbulfactory.com\\\/tr\\\/gdpr-uyumlulugu\\\/\"]}]},{\"@type\":\"BreadcrumbList\",\"@id\":\"https:\\\/\\\/istanbulfactory.com\\\/tr\\\/gdpr-uyumlulugu\\\/#breadcrumb\",\"itemListElement\":[{\"@type\":\"ListItem\",\"position\":1,\"name\":\"Home\",\"item\":\"https:\\\/\\\/istanbulfactory.com\\\/tr\\\/\"},{\"@type\":\"ListItem\",\"position\":2,\"name\":\"GDPR Uyumlulu\u011fu\"}]},{\"@type\":\"WebSite\",\"@id\":\"https:\\\/\\\/istanbulfactory.com\\\/tr\\\/#website\",\"url\":\"https:\\\/\\\/istanbulfactory.com\\\/tr\\\/\",\"name\":\"Istanbul Factory\",\"description\":\"Streetwear Manufacturing Partner\",\"publisher\":{\"@id\":\"https:\\\/\\\/istanbulfactory.com\\\/tr\\\/#organization\"},\"potentialAction\":[{\"@type\":\"SearchAction\",\"target\":{\"@type\":\"EntryPoint\",\"urlTemplate\":\"https:\\\/\\\/istanbulfactory.com\\\/tr\\\/?s={search_term_string}\"},\"query-input\":{\"@type\":\"PropertyValueSpecification\",\"valueRequired\":true,\"valueName\":\"search_term_string\"}}],\"inLanguage\":\"en-US\"},{\"@type\":\"Organization\",\"@id\":\"https:\\\/\\\/istanbulfactory.com\\\/tr\\\/#organization\",\"name\":\"Istanbul Factory\",\"url\":\"https:\\\/\\\/istanbulfactory.com\\\/tr\\\/\",\"logo\":{\"@type\":\"ImageObject\",\"inLanguage\":\"en-US\",\"@id\":\"https:\\\/\\\/istanbulfactory.com\\\/tr\\\/#\\\/schema\\\/logo\\\/image\\\/\",\"url\":\"https:\\\/\\\/istanbulfactory.com\\\/tr\\\/wp-content\\\/uploads\\\/sites\\\/3\\\/2026\\\/04\\\/Istanbul-Factory-Logo-horizontal-without-space_.webp\",\"contentUrl\":\"https:\\\/\\\/istanbulfactory.com\\\/tr\\\/wp-content\\\/uploads\\\/sites\\\/3\\\/2026\\\/04\\\/Istanbul-Factory-Logo-horizontal-without-space_.webp\",\"width\":521,\"height\":120,\"caption\":\"Istanbul Factory\"},\"image\":{\"@id\":\"https:\\\/\\\/istanbulfactory.com\\\/tr\\\/#\\\/schema\\\/logo\\\/image\\\/\"},\"sameAs\":[\"https:\\\/\\\/www.facebook.com\\\/profile.php?id=100064391274122\",\"https:\\\/\\\/www.instagram.com\\\/istanbul_factory\\\/\",\"https:\\\/\\\/www.youtube.com\\\/@istanbulfactory4284\"]}]}<\/script>\n<!-- \/ Yoast SEO plugin. -->","yoast_head_json":{"title":"GDPR Uyumlulu\u011fu - Istanbul Factory","robots":{"index":"index","follow":"follow","max-snippet":"max-snippet:-1","max-image-preview":"max-image-preview:large","max-video-preview":"max-video-preview:-1"},"canonical":"https:\/\/istanbulfactory.com\/tr\/gdpr-uyumlulugu\/","og_locale":"en_US","og_type":"article","og_title":"GDPR Uyumlulu\u011fu - Istanbul Factory","og_description":"Y\u00fcr\u00fcrl\u00fck Tarihi: 11\/05\/2026 Istanbul Factory, kullan\u0131c\u0131 verilerinin korunmas\u0131na \u00f6nem verir ve GDPR dahil olmak \u00fczere ilgili veri koruma d\u00fczenlemelerine uygun hareket etmeyi hedefler. Veri Toplama Yaln\u0131zca hizmet sunmak, ileti\u015fim sa\u011flamak&hellip;","og_url":"https:\/\/istanbulfactory.com\/tr\/gdpr-uyumlulugu\/","og_site_name":"Istanbul Factory","article_publisher":"https:\/\/www.facebook.com\/profile.php?id=100064391274122","article_modified_time":"2026-05-11T13:00:22+00:00","twitter_card":"summary_large_image","twitter_misc":{"Est. reading time":"1 minute"},"schema":{"@context":"https:\/\/schema.org","@graph":[{"@type":"WebPage","@id":"https:\/\/istanbulfactory.com\/tr\/gdpr-uyumlulugu\/","url":"https:\/\/istanbulfactory.com\/tr\/gdpr-uyumlulugu\/","name":"GDPR Uyumlulu\u011fu - Istanbul Factory","isPartOf":{"@id":"https:\/\/istanbulfactory.com\/tr\/#website"},"datePublished":"2026-04-24T13:45:55+00:00","dateModified":"2026-05-11T13:00:22+00:00","breadcrumb":{"@id":"https:\/\/istanbulfactory.com\/tr\/gdpr-uyumlulugu\/#breadcrumb"},"inLanguage":"en-US","potentialAction":[{"@type":"ReadAction","target":["https:\/\/istanbulfactory.com\/tr\/gdpr-uyumlulugu\/"]}]},{"@type":"BreadcrumbList","@id":"https:\/\/istanbulfactory.com\/tr\/gdpr-uyumlulugu\/#breadcrumb","itemListElement":[{"@type":"ListItem","position":1,"name":"Home","item":"https:\/\/istanbulfactory.com\/tr\/"},{"@type":"ListItem","position":2,"name":"GDPR Uyumlulu\u011fu"}]},{"@type":"WebSite","@id":"https:\/\/istanbulfactory.com\/tr\/#website","url":"https:\/\/istanbulfactory.com\/tr\/","name":"Istanbul Factory","description":"Streetwear Manufacturing Partner","publisher":{"@id":"https:\/\/istanbulfactory.com\/tr\/#organization"},"potentialAction":[{"@type":"SearchAction","target":{"@type":"EntryPoint","urlTemplate":"https:\/\/istanbulfactory.com\/tr\/?s={search_term_string}"},"query-input":{"@type":"PropertyValueSpecification","valueRequired":true,"valueName":"search_term_string"}}],"inLanguage":"en-US"},{"@type":"Organization","@id":"https:\/\/istanbulfactory.com\/tr\/#organization","name":"Istanbul Factory","url":"https:\/\/istanbulfactory.com\/tr\/","logo":{"@type":"ImageObject","inLanguage":"en-US","@id":"https:\/\/istanbulfactory.com\/tr\/#\/schema\/logo\/image\/","url":"https:\/\/istanbulfactory.com\/tr\/wp-content\/uploads\/sites\/3\/2026\/04\/Istanbul-Factory-Logo-horizontal-without-space_.webp","contentUrl":"https:\/\/istanbulfactory.com\/tr\/wp-content\/uploads\/sites\/3\/2026\/04\/Istanbul-Factory-Logo-horizontal-without-space_.webp","width":521,"height":120,"caption":"Istanbul Factory"},"image":{"@id":"https:\/\/istanbulfactory.com\/tr\/#\/schema\/logo\/image\/"},"sameAs":["https:\/\/www.facebook.com\/profile.php?id=100064391274122","https:\/\/www.instagram.com\/istanbul_factory\/","https:\/\/www.youtube.com\/@istanbulfactory4284"]}]}},"_links":{"self":[{"href":"https:\/\/istanbulfactory.com\/tr\/wp-json\/wp\/v2\/pages\/21208","targetHints":{"allow":["GET"]}}],"collection":[{"href":"https:\/\/istanbulfactory.com\/tr\/wp-json\/wp\/v2\/pages"}],"about":[{"href":"https:\/\/istanbulfactory.com\/tr\/wp-json\/wp\/v2\/types\/page"}],"author":[{"embeddable":true,"href":"https:\/\/istanbulfactory.com\/tr\/wp-json\/wp\/v2\/users\/1"}],"replies":[{"embeddable":true,"href":"https:\/\/istanbulfactory.com\/tr\/wp-json\/wp\/v2\/comments?post=21208"}],"version-history":[{"count":11,"href":"https:\/\/istanbulfactory.com\/tr\/wp-json\/wp\/v2\/pages\/21208\/revisions"}],"predecessor-version":[{"id":21881,"href":"https:\/\/istanbulfactory.com\/tr\/wp-json\/wp\/v2\/pages\/21208\/revisions\/21881"}],"wp:attachment":[{"href":"https:\/\/istanbulfactory.com\/tr\/wp-json\/wp\/v2\/media?parent=21208"}],"curies":[{"name":"wp","href":"https:\/\/api.w.org\/{rel}","templated":true}]}}